{"id":7507,"date":"2023-05-16T14:22:09","date_gmt":"2023-05-16T17:22:09","guid":{"rendered":"https:\/\/queijosnobrasil.com.br\/site\/?page_id=7507"},"modified":"2024-01-30T10:32:24","modified_gmt":"2024-01-30T13:32:24","slug":"sac","status":"publish","type":"page","link":"https:\/\/queijosnobrasil.com.br\/site\/sac\/","title":{"rendered":"SAC"},"content":{"rendered":"<div class=\"page-header\"><\/div>\n<dl class=\"contact-address dl-horizontal dl-condensed\">\n<dd>\n<h1 style=\"text-align: center;\"><span style=\"font-family: verdana, geneva, sans-serif; color: #00ccff;\">Central de Atendimento<\/span><\/h1>\n<p style=\"text-align: center;\"><span style=\"font-family: verdana, geneva, sans-serif; color: #00ccff; font-size: 12pt;\">Endere\u00e7o:<\/span><\/p>\n<p style=\"text-align: center;\"><span style=\"font-family: verdana, geneva, sans-serif; font-size: 12pt;\">Rua Paracatu, 1000 &#8211; Juiz de Fora &#8211; MG<\/span><\/p>\n<p style=\"text-align: center;\"><span style=\"font-family: verdana, geneva, sans-serif; color: #00ccff; font-size: 12pt;\">Telefones: <\/span><span style=\"font-family: verdana, geneva, sans-serif; font-size: 12pt;\">32 3224 1205<\/span><\/p>\n<p style=\"text-align: center;\"><span style=\"font-family: verdana, geneva, sans-serif; color: #00ccff; font-size: 12pt;\">WhatsApp: <\/span><span style=\"font-family: verdana, geneva, sans-serif; font-size: 12pt;\">(32) 3224 3016<\/span><\/p>\n<p style=\"text-align: center;\">\n<\/dd>\n<dd><img decoding=\"async\" class=\"alignnone wp-image-7525 aligncenter\" src=\"https:\/\/queijosnobrasil.com.br\/site\/wp-content\/uploads\/2022\/12\/escola-274x300.png\" alt=\"\" width=\"163\" height=\"179\" srcset=\"https:\/\/queijosnobrasil.com.br\/site\/wp-content\/uploads\/2022\/12\/escola-274x300.png 274w, https:\/\/queijosnobrasil.com.br\/site\/wp-content\/uploads\/2022\/12\/escola-935x1024.png 935w, https:\/\/queijosnobrasil.com.br\/site\/wp-content\/uploads\/2022\/12\/escola-768x841.png 768w, https:\/\/queijosnobrasil.com.br\/site\/wp-content\/uploads\/2022\/12\/escola.png 1310w\" sizes=\"(max-width: 163px) 100vw, 163px\" \/><\/dd>\n<\/dl>\n","protected":false},"excerpt":{"rendered":"<p>Central de Atendimento Endere\u00e7o: Rua Paracatu, 1000 &#8211; Juiz de Fora &#8211; MG Telefones: 32 3224 1205 WhatsApp: (32) 3224 3016<\/p>\n","protected":false},"author":1,"featured_media":0,"parent":0,"menu_order":0,"comment_status":"closed","ping_status":"closed","template":"","meta":{"footnotes":""},"class_list":["post-7507","page","type-page","status-publish","hentry"],"yoast_head":"<!-- This site is optimized with the Yoast SEO plugin v27.2 - https:\/\/yoast.com\/product\/yoast-seo-wordpress\/ -->\n<title>SAC - Queijos no Brasil<\/title>\n<meta name=\"robots\" content=\"index, follow, max-snippet:-1, max-image-preview:large, max-video-preview:-1\" \/>\n<link rel=\"canonical\" href=\"https:\/\/queijosnobrasil.com.br\/site\/sac\/\" \/>\n<meta property=\"og:locale\" content=\"pt_BR\" \/>\n<meta property=\"og:type\" content=\"article\" \/>\n<meta property=\"og:title\" content=\"SAC - Queijos no Brasil\" \/>\n<meta property=\"og:description\" content=\"Central de Atendimento Endere\u00e7o: Rua Paracatu, 1000 &#8211; Juiz de Fora &#8211; MG Telefones: 32 3224 1205 WhatsApp: (32) 3224 3016\" \/>\n<meta property=\"og:url\" content=\"https:\/\/queijosnobrasil.com.br\/site\/sac\/\" \/>\n<meta property=\"og:site_name\" content=\"Queijos no Brasil\" \/>\n<meta property=\"article:modified_time\" content=\"2024-01-30T13:32:24+00:00\" \/>\n<meta property=\"og:image\" content=\"https:\/\/queijosnobrasil.com.br\/site\/wp-content\/uploads\/2022\/12\/escola.png\" \/>\n\t<meta property=\"og:image:width\" content=\"1310\" \/>\n\t<meta property=\"og:image:height\" content=\"1434\" \/>\n\t<meta property=\"og:image:type\" content=\"image\/png\" \/>\n<meta name=\"twitter:card\" content=\"summary_large_image\" \/>\n<script type=\"application\/ld+json\" class=\"yoast-schema-graph\">{\"@context\":\"https:\/\/schema.org\",\"@graph\":[{\"@type\":\"WebPage\",\"@id\":\"https:\/\/queijosnobrasil.com.br\/site\/sac\/\",\"url\":\"https:\/\/queijosnobrasil.com.br\/site\/sac\/\",\"name\":\"SAC - Queijos no Brasil\",\"isPartOf\":{\"@id\":\"https:\/\/queijosnobrasil.com.br\/site\/#website\"},\"primaryImageOfPage\":{\"@id\":\"https:\/\/queijosnobrasil.com.br\/site\/sac\/#primaryimage\"},\"image\":{\"@id\":\"https:\/\/queijosnobrasil.com.br\/site\/sac\/#primaryimage\"},\"thumbnailUrl\":\"https:\/\/queijosnobrasil.com.br\/site\/wp-content\/uploads\/2022\/12\/escola-274x300.png\",\"datePublished\":\"2023-05-16T17:22:09+00:00\",\"dateModified\":\"2024-01-30T13:32:24+00:00\",\"breadcrumb\":{\"@id\":\"https:\/\/queijosnobrasil.com.br\/site\/sac\/#breadcrumb\"},\"inLanguage\":\"pt-BR\",\"potentialAction\":[{\"@type\":\"ReadAction\",\"target\":[\"https:\/\/queijosnobrasil.com.br\/site\/sac\/\"]}]},{\"@type\":\"ImageObject\",\"inLanguage\":\"pt-BR\",\"@id\":\"https:\/\/queijosnobrasil.com.br\/site\/sac\/#primaryimage\",\"url\":\"https:\/\/queijosnobrasil.com.br\/site\/wp-content\/uploads\/2022\/12\/escola.png\",\"contentUrl\":\"https:\/\/queijosnobrasil.com.br\/site\/wp-content\/uploads\/2022\/12\/escola.png\",\"width\":1310,\"height\":1434},{\"@type\":\"BreadcrumbList\",\"@id\":\"https:\/\/queijosnobrasil.com.br\/site\/sac\/#breadcrumb\",\"itemListElement\":[{\"@type\":\"ListItem\",\"position\":1,\"name\":\"In\u00edcio\",\"item\":\"https:\/\/queijosnobrasil.com.br\/site\/\"},{\"@type\":\"ListItem\",\"position\":2,\"name\":\"SAC\"}]},{\"@type\":\"WebSite\",\"@id\":\"https:\/\/queijosnobrasil.com.br\/site\/#website\",\"url\":\"https:\/\/queijosnobrasil.com.br\/site\/\",\"name\":\"Queijos no Brasil\",\"description\":\"Empresa voltada a difus\u00e3o de t\u00e9cnicas de fabrica\u00e7\u00e3o e com\u00e9rcio de ingredientes para produtos l\u00e1cteos : queijo (mussarela, Minas Frescal, coalho, ricota...), iogurte, coalhada, requeij\u00e3o, doce de leite e derivados l\u00e1ticos em geral.\",\"publisher\":{\"@id\":\"https:\/\/queijosnobrasil.com.br\/site\/#organization\"},\"potentialAction\":[{\"@type\":\"SearchAction\",\"target\":{\"@type\":\"EntryPoint\",\"urlTemplate\":\"https:\/\/queijosnobrasil.com.br\/site\/?s={search_term_string}\"},\"query-input\":{\"@type\":\"PropertyValueSpecification\",\"valueRequired\":true,\"valueName\":\"search_term_string\"}}],\"inLanguage\":\"pt-BR\"},{\"@type\":\"Organization\",\"@id\":\"https:\/\/queijosnobrasil.com.br\/site\/#organization\",\"name\":\"Queijos no Brasil\",\"url\":\"https:\/\/queijosnobrasil.com.br\/site\/\",\"logo\":{\"@type\":\"ImageObject\",\"inLanguage\":\"pt-BR\",\"@id\":\"https:\/\/queijosnobrasil.com.br\/site\/#\/schema\/logo\/image\/\",\"url\":\"https:\/\/queijosnobrasil.com.br\/site\/wp-content\/uploads\/2025\/04\/logo-1.webp\",\"contentUrl\":\"https:\/\/queijosnobrasil.com.br\/site\/wp-content\/uploads\/2025\/04\/logo-1.webp\",\"width\":288,\"height\":288,\"caption\":\"Queijos no Brasil\"},\"image\":{\"@id\":\"https:\/\/queijosnobrasil.com.br\/site\/#\/schema\/logo\/image\/\"},\"sameAs\":[\"https:\/\/www.youtube.com\/@queijosnobrasil1698\"]}]}<\/script>\n<!-- \/ Yoast SEO plugin. -->","yoast_head_json":{"title":"SAC - Queijos no Brasil","robots":{"index":"index","follow":"follow","max-snippet":"max-snippet:-1","max-image-preview":"max-image-preview:large","max-video-preview":"max-video-preview:-1"},"canonical":"https:\/\/queijosnobrasil.com.br\/site\/sac\/","og_locale":"pt_BR","og_type":"article","og_title":"SAC - Queijos no Brasil","og_description":"Central de Atendimento Endere\u00e7o: Rua Paracatu, 1000 &#8211; Juiz de Fora &#8211; MG Telefones: 32 3224 1205 WhatsApp: (32) 3224 3016","og_url":"https:\/\/queijosnobrasil.com.br\/site\/sac\/","og_site_name":"Queijos no Brasil","article_modified_time":"2024-01-30T13:32:24+00:00","og_image":[{"width":1310,"height":1434,"url":"https:\/\/queijosnobrasil.com.br\/site\/wp-content\/uploads\/2022\/12\/escola.png","type":"image\/png"}],"twitter_card":"summary_large_image","schema":{"@context":"https:\/\/schema.org","@graph":[{"@type":"WebPage","@id":"https:\/\/queijosnobrasil.com.br\/site\/sac\/","url":"https:\/\/queijosnobrasil.com.br\/site\/sac\/","name":"SAC - Queijos no Brasil","isPartOf":{"@id":"https:\/\/queijosnobrasil.com.br\/site\/#website"},"primaryImageOfPage":{"@id":"https:\/\/queijosnobrasil.com.br\/site\/sac\/#primaryimage"},"image":{"@id":"https:\/\/queijosnobrasil.com.br\/site\/sac\/#primaryimage"},"thumbnailUrl":"https:\/\/queijosnobrasil.com.br\/site\/wp-content\/uploads\/2022\/12\/escola-274x300.png","datePublished":"2023-05-16T17:22:09+00:00","dateModified":"2024-01-30T13:32:24+00:00","breadcrumb":{"@id":"https:\/\/queijosnobrasil.com.br\/site\/sac\/#breadcrumb"},"inLanguage":"pt-BR","potentialAction":[{"@type":"ReadAction","target":["https:\/\/queijosnobrasil.com.br\/site\/sac\/"]}]},{"@type":"ImageObject","inLanguage":"pt-BR","@id":"https:\/\/queijosnobrasil.com.br\/site\/sac\/#primaryimage","url":"https:\/\/queijosnobrasil.com.br\/site\/wp-content\/uploads\/2022\/12\/escola.png","contentUrl":"https:\/\/queijosnobrasil.com.br\/site\/wp-content\/uploads\/2022\/12\/escola.png","width":1310,"height":1434},{"@type":"BreadcrumbList","@id":"https:\/\/queijosnobrasil.com.br\/site\/sac\/#breadcrumb","itemListElement":[{"@type":"ListItem","position":1,"name":"In\u00edcio","item":"https:\/\/queijosnobrasil.com.br\/site\/"},{"@type":"ListItem","position":2,"name":"SAC"}]},{"@type":"WebSite","@id":"https:\/\/queijosnobrasil.com.br\/site\/#website","url":"https:\/\/queijosnobrasil.com.br\/site\/","name":"Queijos no Brasil","description":"Empresa voltada a difus\u00e3o de t\u00e9cnicas de fabrica\u00e7\u00e3o e com\u00e9rcio de ingredientes para produtos l\u00e1cteos : queijo (mussarela, Minas Frescal, coalho, ricota...), iogurte, coalhada, requeij\u00e3o, doce de leite e derivados l\u00e1ticos em geral.","publisher":{"@id":"https:\/\/queijosnobrasil.com.br\/site\/#organization"},"potentialAction":[{"@type":"SearchAction","target":{"@type":"EntryPoint","urlTemplate":"https:\/\/queijosnobrasil.com.br\/site\/?s={search_term_string}"},"query-input":{"@type":"PropertyValueSpecification","valueRequired":true,"valueName":"search_term_string"}}],"inLanguage":"pt-BR"},{"@type":"Organization","@id":"https:\/\/queijosnobrasil.com.br\/site\/#organization","name":"Queijos no Brasil","url":"https:\/\/queijosnobrasil.com.br\/site\/","logo":{"@type":"ImageObject","inLanguage":"pt-BR","@id":"https:\/\/queijosnobrasil.com.br\/site\/#\/schema\/logo\/image\/","url":"https:\/\/queijosnobrasil.com.br\/site\/wp-content\/uploads\/2025\/04\/logo-1.webp","contentUrl":"https:\/\/queijosnobrasil.com.br\/site\/wp-content\/uploads\/2025\/04\/logo-1.webp","width":288,"height":288,"caption":"Queijos no Brasil"},"image":{"@id":"https:\/\/queijosnobrasil.com.br\/site\/#\/schema\/logo\/image\/"},"sameAs":["https:\/\/www.youtube.com\/@queijosnobrasil1698"]}]}},"_links":{"self":[{"href":"https:\/\/queijosnobrasil.com.br\/site\/wp-json\/wp\/v2\/pages\/7507","targetHints":{"allow":["GET"]}}],"collection":[{"href":"https:\/\/queijosnobrasil.com.br\/site\/wp-json\/wp\/v2\/pages"}],"about":[{"href":"https:\/\/queijosnobrasil.com.br\/site\/wp-json\/wp\/v2\/types\/page"}],"author":[{"embeddable":true,"href":"https:\/\/queijosnobrasil.com.br\/site\/wp-json\/wp\/v2\/users\/1"}],"replies":[{"embeddable":true,"href":"https:\/\/queijosnobrasil.com.br\/site\/wp-json\/wp\/v2\/comments?post=7507"}],"version-history":[{"count":16,"href":"https:\/\/queijosnobrasil.com.br\/site\/wp-json\/wp\/v2\/pages\/7507\/revisions"}],"predecessor-version":[{"id":8876,"href":"https:\/\/queijosnobrasil.com.br\/site\/wp-json\/wp\/v2\/pages\/7507\/revisions\/8876"}],"wp:attachment":[{"href":"https:\/\/queijosnobrasil.com.br\/site\/wp-json\/wp\/v2\/media?parent=7507"}],"curies":[{"name":"wp","href":"https:\/\/api.w.org\/{rel}","templated":true}]}}