{"id":7468,"date":"2023-05-15T14:21:31","date_gmt":"2023-05-15T17:21:31","guid":{"rendered":"https:\/\/queijosnobrasil.com.br\/site\/?page_id=7468"},"modified":"2024-01-30T10:31:14","modified_gmt":"2024-01-30T13:31:14","slug":"quem-somos","status":"publish","type":"page","link":"https:\/\/queijosnobrasil.com.br\/site\/quem-somos\/","title":{"rendered":"Quem Somos"},"content":{"rendered":"<p style=\"text-align: center;\"><span style=\"font-size: small;\"><span style=\"font-size: 12pt;\"><img fetchpriority=\"high\" decoding=\"async\" class=\" wp-image-7469 alignleft\" src=\"https:\/\/queijosnobrasil.com.br\/site\/wp-content\/uploads\/2023\/05\/foto1.jpg\" alt=\"\" width=\"316\" height=\"210\" \/><span style=\"font-family: verdana, geneva, sans-serif;\">A ESCOLA DE QUEIJOS est\u00e1 presente no Brasil h\u00e1 30 anos, formando queijeiros e mestres queijeiros artes\u00e3os.\u00a0\u00a0<\/span><\/span><\/span><\/p>\n<p style=\"text-align: center;\"><span style=\"font-size: 12pt; font-family: verdana, geneva, sans-serif;\">Recebemos alunos de todo Brasil e exterior, levando informa\u00e7\u00e3o de qualidade. <\/span><\/p>\n<p style=\"text-align: center;\"><span style=\"font-size: 12pt; font-family: verdana, geneva, sans-serif;\">A mais completa ESCOLA DE QUEIJOS ARTESANAIS do Brasil.<\/span><\/p>\n<p style=\"text-align: center;\"><span style=\"font-size: 12pt; font-family: verdana, geneva, sans-serif;\">Participe de nossos cursos em nosso laborat\u00f3rio tecnol\u00f3gico localizado na cidade de Juiz de Fora estado de Minas Gerais.<br \/>\n<\/span><\/p>\n<p style=\"text-align: center;\"><span style=\"font-size: 12pt; font-family: verdana, geneva, sans-serif;\"> \u00a0<\/span><\/p>\n<p style=\"text-align: center;\"><span style=\"font-size: 12pt; font-family: verdana, geneva, sans-serif; color: #00ccff;\">Docina\u00a0Nutri\u00e7\u00e3o Ltda<\/span><br \/>\n<span style=\"font-size: 12pt; font-family: verdana, geneva, sans-serif;\"> Rua Paracatu, 1000 &#8211; Bandeirantes<br \/>\nJuiz de Fora &#8211; Minas Gerais<br \/>\nCentral de Atendimento: <\/span><br \/>\n<span style=\"font-size: 12pt; font-family: verdana, geneva, sans-serif;\">WhatsApp (32) 3224 3016<\/span><\/p>\n<p style=\"text-align: center;\"><span style=\"font-size: 12pt; font-family: verdana, geneva, sans-serif; color: #00ccff;\">Segunda \u00e0 sexta feira de 7:30 \u00e0s 17:00 horas<\/span><\/p>\n<p><img decoding=\"async\" class=\"alignnone size-medium wp-image-7525 aligncenter\" src=\"https:\/\/queijosnobrasil.com.br\/site\/wp-content\/uploads\/2022\/12\/escola-274x300.png\" alt=\"\" width=\"274\" height=\"300\" srcset=\"https:\/\/queijosnobrasil.com.br\/site\/wp-content\/uploads\/2022\/12\/escola-274x300.png 274w, https:\/\/queijosnobrasil.com.br\/site\/wp-content\/uploads\/2022\/12\/escola-935x1024.png 935w, https:\/\/queijosnobrasil.com.br\/site\/wp-content\/uploads\/2022\/12\/escola-768x841.png 768w, https:\/\/queijosnobrasil.com.br\/site\/wp-content\/uploads\/2022\/12\/escola.png 1310w\" sizes=\"(max-width: 274px) 100vw, 274px\" \/><\/p>\n<p>[envira-gallery id=&#8221;7527&#8243;]<\/p>\n","protected":false},"excerpt":{"rendered":"<p>A ESCOLA DE QUEIJOS est\u00e1 presente no Brasil h\u00e1 30 anos, formando queijeiros e mestres queijeiros artes\u00e3os.\u00a0\u00a0 Recebemos alunos de todo Brasil e exterior, levando informa\u00e7\u00e3o de qualidade. A mais completa ESCOLA DE QUEIJOS ARTESANAIS do Brasil. Participe de nossos cursos em nosso laborat\u00f3rio tecnol\u00f3gico localizado na cidade de Juiz de Fora estado de Minas [&hellip;]<\/p>\n","protected":false},"author":1,"featured_media":0,"parent":0,"menu_order":0,"comment_status":"closed","ping_status":"closed","template":"","meta":{"footnotes":""},"class_list":["post-7468","page","type-page","status-publish","hentry"],"yoast_head":"<!-- This site is optimized with the Yoast SEO plugin v27.2 - https:\/\/yoast.com\/product\/yoast-seo-wordpress\/ -->\n<title>Quem Somos - Queijos no Brasil<\/title>\n<meta name=\"robots\" content=\"index, follow, max-snippet:-1, max-image-preview:large, max-video-preview:-1\" \/>\n<link rel=\"canonical\" href=\"https:\/\/queijosnobrasil.com.br\/site\/quem-somos\/\" \/>\n<meta property=\"og:locale\" content=\"pt_BR\" \/>\n<meta property=\"og:type\" content=\"article\" \/>\n<meta property=\"og:title\" content=\"Quem Somos - Queijos no Brasil\" \/>\n<meta property=\"og:description\" content=\"A ESCOLA DE QUEIJOS est\u00e1 presente no Brasil h\u00e1 30 anos, formando queijeiros e mestres queijeiros artes\u00e3os.\u00a0\u00a0 Recebemos alunos de todo Brasil e exterior, levando informa\u00e7\u00e3o de qualidade. A mais completa ESCOLA DE QUEIJOS ARTESANAIS do Brasil. Participe de nossos cursos em nosso laborat\u00f3rio tecnol\u00f3gico localizado na cidade de Juiz de Fora estado de Minas [&hellip;]\" \/>\n<meta property=\"og:url\" content=\"https:\/\/queijosnobrasil.com.br\/site\/quem-somos\/\" \/>\n<meta property=\"og:site_name\" content=\"Queijos no Brasil\" \/>\n<meta property=\"article:modified_time\" content=\"2024-01-30T13:31:14+00:00\" \/>\n<meta property=\"og:image\" content=\"https:\/\/queijosnobrasil.com.br\/site\/wp-content\/uploads\/2023\/05\/foto1.jpg\" \/>\n\t<meta property=\"og:image:width\" content=\"236\" \/>\n\t<meta property=\"og:image:height\" content=\"157\" \/>\n\t<meta property=\"og:image:type\" content=\"image\/jpeg\" \/>\n<meta name=\"twitter:card\" content=\"summary_large_image\" \/>\n<script type=\"application\/ld+json\" class=\"yoast-schema-graph\">{\"@context\":\"https:\/\/schema.org\",\"@graph\":[{\"@type\":\"WebPage\",\"@id\":\"https:\/\/queijosnobrasil.com.br\/site\/quem-somos\/\",\"url\":\"https:\/\/queijosnobrasil.com.br\/site\/quem-somos\/\",\"name\":\"Quem Somos - Queijos no Brasil\",\"isPartOf\":{\"@id\":\"https:\/\/queijosnobrasil.com.br\/site\/#website\"},\"primaryImageOfPage\":{\"@id\":\"https:\/\/queijosnobrasil.com.br\/site\/quem-somos\/#primaryimage\"},\"image\":{\"@id\":\"https:\/\/queijosnobrasil.com.br\/site\/quem-somos\/#primaryimage\"},\"thumbnailUrl\":\"https:\/\/queijosnobrasil.com.br\/site\/wp-content\/uploads\/2023\/05\/foto1.jpg\",\"datePublished\":\"2023-05-15T17:21:31+00:00\",\"dateModified\":\"2024-01-30T13:31:14+00:00\",\"breadcrumb\":{\"@id\":\"https:\/\/queijosnobrasil.com.br\/site\/quem-somos\/#breadcrumb\"},\"inLanguage\":\"pt-BR\",\"potentialAction\":[{\"@type\":\"ReadAction\",\"target\":[\"https:\/\/queijosnobrasil.com.br\/site\/quem-somos\/\"]}]},{\"@type\":\"ImageObject\",\"inLanguage\":\"pt-BR\",\"@id\":\"https:\/\/queijosnobrasil.com.br\/site\/quem-somos\/#primaryimage\",\"url\":\"https:\/\/queijosnobrasil.com.br\/site\/wp-content\/uploads\/2023\/05\/foto1.jpg\",\"contentUrl\":\"https:\/\/queijosnobrasil.com.br\/site\/wp-content\/uploads\/2023\/05\/foto1.jpg\",\"width\":236,\"height\":157},{\"@type\":\"BreadcrumbList\",\"@id\":\"https:\/\/queijosnobrasil.com.br\/site\/quem-somos\/#breadcrumb\",\"itemListElement\":[{\"@type\":\"ListItem\",\"position\":1,\"name\":\"In\u00edcio\",\"item\":\"https:\/\/queijosnobrasil.com.br\/site\/\"},{\"@type\":\"ListItem\",\"position\":2,\"name\":\"Quem Somos\"}]},{\"@type\":\"WebSite\",\"@id\":\"https:\/\/queijosnobrasil.com.br\/site\/#website\",\"url\":\"https:\/\/queijosnobrasil.com.br\/site\/\",\"name\":\"Queijos no Brasil\",\"description\":\"Empresa voltada a difus\u00e3o de t\u00e9cnicas de fabrica\u00e7\u00e3o e com\u00e9rcio de ingredientes para produtos l\u00e1cteos : queijo (mussarela, Minas Frescal, coalho, ricota...), iogurte, coalhada, requeij\u00e3o, doce de leite e derivados l\u00e1ticos em geral.\",\"publisher\":{\"@id\":\"https:\/\/queijosnobrasil.com.br\/site\/#organization\"},\"potentialAction\":[{\"@type\":\"SearchAction\",\"target\":{\"@type\":\"EntryPoint\",\"urlTemplate\":\"https:\/\/queijosnobrasil.com.br\/site\/?s={search_term_string}\"},\"query-input\":{\"@type\":\"PropertyValueSpecification\",\"valueRequired\":true,\"valueName\":\"search_term_string\"}}],\"inLanguage\":\"pt-BR\"},{\"@type\":\"Organization\",\"@id\":\"https:\/\/queijosnobrasil.com.br\/site\/#organization\",\"name\":\"Queijos no Brasil\",\"url\":\"https:\/\/queijosnobrasil.com.br\/site\/\",\"logo\":{\"@type\":\"ImageObject\",\"inLanguage\":\"pt-BR\",\"@id\":\"https:\/\/queijosnobrasil.com.br\/site\/#\/schema\/logo\/image\/\",\"url\":\"https:\/\/queijosnobrasil.com.br\/site\/wp-content\/uploads\/2025\/04\/logo-1.webp\",\"contentUrl\":\"https:\/\/queijosnobrasil.com.br\/site\/wp-content\/uploads\/2025\/04\/logo-1.webp\",\"width\":288,\"height\":288,\"caption\":\"Queijos no Brasil\"},\"image\":{\"@id\":\"https:\/\/queijosnobrasil.com.br\/site\/#\/schema\/logo\/image\/\"},\"sameAs\":[\"https:\/\/www.youtube.com\/@queijosnobrasil1698\"]}]}<\/script>\n<!-- \/ Yoast SEO plugin. -->","yoast_head_json":{"title":"Quem Somos - Queijos no Brasil","robots":{"index":"index","follow":"follow","max-snippet":"max-snippet:-1","max-image-preview":"max-image-preview:large","max-video-preview":"max-video-preview:-1"},"canonical":"https:\/\/queijosnobrasil.com.br\/site\/quem-somos\/","og_locale":"pt_BR","og_type":"article","og_title":"Quem Somos - Queijos no Brasil","og_description":"A ESCOLA DE QUEIJOS est\u00e1 presente no Brasil h\u00e1 30 anos, formando queijeiros e mestres queijeiros artes\u00e3os.\u00a0\u00a0 Recebemos alunos de todo Brasil e exterior, levando informa\u00e7\u00e3o de qualidade. A mais completa ESCOLA DE QUEIJOS ARTESANAIS do Brasil. Participe de nossos cursos em nosso laborat\u00f3rio tecnol\u00f3gico localizado na cidade de Juiz de Fora estado de Minas [&hellip;]","og_url":"https:\/\/queijosnobrasil.com.br\/site\/quem-somos\/","og_site_name":"Queijos no Brasil","article_modified_time":"2024-01-30T13:31:14+00:00","og_image":[{"width":236,"height":157,"url":"https:\/\/queijosnobrasil.com.br\/site\/wp-content\/uploads\/2023\/05\/foto1.jpg","type":"image\/jpeg"}],"twitter_card":"summary_large_image","schema":{"@context":"https:\/\/schema.org","@graph":[{"@type":"WebPage","@id":"https:\/\/queijosnobrasil.com.br\/site\/quem-somos\/","url":"https:\/\/queijosnobrasil.com.br\/site\/quem-somos\/","name":"Quem Somos - Queijos no Brasil","isPartOf":{"@id":"https:\/\/queijosnobrasil.com.br\/site\/#website"},"primaryImageOfPage":{"@id":"https:\/\/queijosnobrasil.com.br\/site\/quem-somos\/#primaryimage"},"image":{"@id":"https:\/\/queijosnobrasil.com.br\/site\/quem-somos\/#primaryimage"},"thumbnailUrl":"https:\/\/queijosnobrasil.com.br\/site\/wp-content\/uploads\/2023\/05\/foto1.jpg","datePublished":"2023-05-15T17:21:31+00:00","dateModified":"2024-01-30T13:31:14+00:00","breadcrumb":{"@id":"https:\/\/queijosnobrasil.com.br\/site\/quem-somos\/#breadcrumb"},"inLanguage":"pt-BR","potentialAction":[{"@type":"ReadAction","target":["https:\/\/queijosnobrasil.com.br\/site\/quem-somos\/"]}]},{"@type":"ImageObject","inLanguage":"pt-BR","@id":"https:\/\/queijosnobrasil.com.br\/site\/quem-somos\/#primaryimage","url":"https:\/\/queijosnobrasil.com.br\/site\/wp-content\/uploads\/2023\/05\/foto1.jpg","contentUrl":"https:\/\/queijosnobrasil.com.br\/site\/wp-content\/uploads\/2023\/05\/foto1.jpg","width":236,"height":157},{"@type":"BreadcrumbList","@id":"https:\/\/queijosnobrasil.com.br\/site\/quem-somos\/#breadcrumb","itemListElement":[{"@type":"ListItem","position":1,"name":"In\u00edcio","item":"https:\/\/queijosnobrasil.com.br\/site\/"},{"@type":"ListItem","position":2,"name":"Quem Somos"}]},{"@type":"WebSite","@id":"https:\/\/queijosnobrasil.com.br\/site\/#website","url":"https:\/\/queijosnobrasil.com.br\/site\/","name":"Queijos no Brasil","description":"Empresa voltada a difus\u00e3o de t\u00e9cnicas de fabrica\u00e7\u00e3o e com\u00e9rcio de ingredientes para produtos l\u00e1cteos : queijo (mussarela, Minas Frescal, coalho, ricota...), iogurte, coalhada, requeij\u00e3o, doce de leite e derivados l\u00e1ticos em geral.","publisher":{"@id":"https:\/\/queijosnobrasil.com.br\/site\/#organization"},"potentialAction":[{"@type":"SearchAction","target":{"@type":"EntryPoint","urlTemplate":"https:\/\/queijosnobrasil.com.br\/site\/?s={search_term_string}"},"query-input":{"@type":"PropertyValueSpecification","valueRequired":true,"valueName":"search_term_string"}}],"inLanguage":"pt-BR"},{"@type":"Organization","@id":"https:\/\/queijosnobrasil.com.br\/site\/#organization","name":"Queijos no Brasil","url":"https:\/\/queijosnobrasil.com.br\/site\/","logo":{"@type":"ImageObject","inLanguage":"pt-BR","@id":"https:\/\/queijosnobrasil.com.br\/site\/#\/schema\/logo\/image\/","url":"https:\/\/queijosnobrasil.com.br\/site\/wp-content\/uploads\/2025\/04\/logo-1.webp","contentUrl":"https:\/\/queijosnobrasil.com.br\/site\/wp-content\/uploads\/2025\/04\/logo-1.webp","width":288,"height":288,"caption":"Queijos no Brasil"},"image":{"@id":"https:\/\/queijosnobrasil.com.br\/site\/#\/schema\/logo\/image\/"},"sameAs":["https:\/\/www.youtube.com\/@queijosnobrasil1698"]}]}},"_links":{"self":[{"href":"https:\/\/queijosnobrasil.com.br\/site\/wp-json\/wp\/v2\/pages\/7468","targetHints":{"allow":["GET"]}}],"collection":[{"href":"https:\/\/queijosnobrasil.com.br\/site\/wp-json\/wp\/v2\/pages"}],"about":[{"href":"https:\/\/queijosnobrasil.com.br\/site\/wp-json\/wp\/v2\/types\/page"}],"author":[{"embeddable":true,"href":"https:\/\/queijosnobrasil.com.br\/site\/wp-json\/wp\/v2\/users\/1"}],"replies":[{"embeddable":true,"href":"https:\/\/queijosnobrasil.com.br\/site\/wp-json\/wp\/v2\/comments?post=7468"}],"version-history":[{"count":7,"href":"https:\/\/queijosnobrasil.com.br\/site\/wp-json\/wp\/v2\/pages\/7468\/revisions"}],"predecessor-version":[{"id":8875,"href":"https:\/\/queijosnobrasil.com.br\/site\/wp-json\/wp\/v2\/pages\/7468\/revisions\/8875"}],"wp:attachment":[{"href":"https:\/\/queijosnobrasil.com.br\/site\/wp-json\/wp\/v2\/media?parent=7468"}],"curies":[{"name":"wp","href":"https:\/\/api.w.org\/{rel}","templated":true}]}}